{"id":3685,"date":"2026-01-08T07:19:06","date_gmt":"2026-01-08T07:19:06","guid":{"rendered":"https:\/\/christiegrey.com\/questions-frequemment-posees\/"},"modified":"2026-01-26T06:45:13","modified_gmt":"2026-01-26T06:45:13","slug":"questions-frequemment-posees","status":"publish","type":"page","link":"https:\/\/dev.christiegrey.com\/fr\/questions-frequemment-posees\/","title":{"rendered":"Questions fr\u00e9quemment pos\u00e9es"},"content":{"rendered":"\t\t<div data-elementor-type=\"wp-page\" data-elementor-id=\"3685\" class=\"elementor elementor-3685 elementor-1778\" data-elementor-post-type=\"page\">\n\t\t\t\t<div class=\"elementor-element elementor-element-aaf27a3 e-flex e-con-boxed e-con e-parent\" data-id=\"aaf27a3\" data-element_type=\"container\" data-settings=\"{&quot;background_background&quot;:&quot;classic&quot;}\">\n\t\t\t\t\t<div class=\"e-con-inner\">\n\t\t\t\t<div class=\"elementor-element elementor-element-810cc51 elementor-widget elementor-widget-heading\" data-id=\"810cc51\" data-element_type=\"widget\" data-widget_type=\"heading.default\">\n\t\t\t\t\t<h2 class=\"elementor-heading-title elementor-size-default\">Questions fr\u00e9quemment pos\u00e9es<\/h2>\t\t\t\t<\/div>\n\t\t\t\t<div class=\"elementor-element elementor-element-2d35bcc elementor-widget elementor-widget-text-editor\" data-id=\"2d35bcc\" data-element_type=\"widget\" data-widget_type=\"text-editor.default\">\n\t\t\t\t\t\t\t\t\tCette page rassemble les questions fr\u00e9quemment pos\u00e9es de tout le site Christie &amp; Grey en un seul endroit. Il est con\u00e7u pour aider les ing\u00e9nieurs, consultants et \u00e9quipes projet \u00e0 trouver rapidement des r\u00e9ponses claires sur nos produits, applications, approbations et support technique. Si vous ne trouvez pas les informations que vous recherchez, notre \u00e9quipe d\u2019ing\u00e9nierie est toujours disponible pour vous fournir des conseils suppl\u00e9mentaires.\t\t\t\t\t\t\t\t<\/div>\n\t\t\t\t\t<\/div>\n\t\t\t\t<\/div>\n\t\t<div class=\"elementor-element elementor-element-e36be76 faq_section e-flex e-con-boxed e-con e-parent\" data-id=\"e36be76\" data-element_type=\"container\">\n\t\t\t\t\t<div class=\"e-con-inner\">\n\t\t\t\t<div class=\"elementor-element elementor-element-f7ea279 elementor-widget elementor-widget-shortcode\" data-id=\"f7ea279\" data-element_type=\"widget\" data-widget_type=\"shortcode.default\">\n\t\t\t\t\t\t\t<div class=\"elementor-shortcode\"><\/div>\n\t\t\t\t\t\t<\/div>\n\t\t\t\t\t<\/div>\n\t\t\t\t<\/div>\n\t\t<div class=\"elementor-element elementor-element-46008801 e-flex e-con-boxed e-con e-parent\" data-id=\"46008801\" data-element_type=\"container\" data-settings=\"{&quot;background_background&quot;:&quot;classic&quot;}\">\n\t\t\t\t\t<div class=\"e-con-inner\">\n\t\t\t\t<div class=\"elementor-element elementor-element-789a18b elementor-widget elementor-widget-shortcode\" data-id=\"789a18b\" data-element_type=\"widget\" data-widget_type=\"shortcode.default\">\n\t\t\t\t\t\t\t<div class=\"elementor-shortcode\">\t\t<div data-elementor-type=\"container\" data-elementor-id=\"1986\" class=\"elementor elementor-1986\" data-elementor-post-type=\"elementor_library\">\n\t\t\t\t<div class=\"elementor-element elementor-element-6952cb5f e-flex e-con-boxed e-con e-parent\" data-id=\"6952cb5f\" data-element_type=\"container\" data-settings=\"{&quot;background_background&quot;:&quot;classic&quot;}\">\n\t\t\t\t\t<div class=\"e-con-inner\">\n\t\t<div class=\"elementor-element elementor-element-7c9568df e-grid e-con-full e-con e-child\" data-id=\"7c9568df\" data-element_type=\"container\">\n\t\t\t\t<div class=\"elementor-element elementor-element-9cb4307 elementor-widget elementor-widget-heading\" data-id=\"9cb4307\" data-element_type=\"widget\" data-widget_type=\"heading.default\">\n\t\t\t\t\t<h2 class=\"elementor-heading-title elementor-size-default\">For further information or enquiries<\/h2>\t\t\t\t<\/div>\n\t\t\t\t<div class=\"elementor-element elementor-element-2e480406 elementor-widget elementor-widget-html\" data-id=\"2e480406\" data-element_type=\"widget\" data-widget_type=\"html.default\">\n\t\t\t\t\t<a class=\"about-contact-link\" href=\"https:\/\/dev.christiegrey.com\/contact\/\">Contact Us <img decoding=\"async\" class=\"white-arrow\" src=\"https:\/\/dev.christiegrey.com\/wp-content\/uploads\/2025\/12\/contact-icon.png\" alt=\"\" \/>\n<\/a>\t\t\t\t<\/div>\n\t\t\t\t<\/div>\n\t\t\t\t\t<\/div>\n\t\t\t\t<\/div>\n\t\t\t\t<\/div>\n\t\t<\/div>\n\t\t\t\t\t\t<\/div>\n\t\t\t\t\t<\/div>\n\t\t\t\t<\/div>\n\t\t\t\t<\/div>\n\t\t","protected":false},"excerpt":{"rendered":"<p>Questions fr\u00e9quemment pos\u00e9es Cette page rassemble les questions fr\u00e9quemment pos\u00e9es de tout le site Christie &amp; Grey en un seul endroit. Il est con\u00e7u pour aider les ing\u00e9nieurs, consultants et \u00e9quipes projet \u00e0 trouver rapidement des r\u00e9ponses claires sur nos produits, applications, approbations et support technique. Si vous ne trouvez pas les informations que vous&hellip;<\/p>\n","protected":false},"author":1,"featured_media":0,"parent":0,"menu_order":0,"comment_status":"closed","ping_status":"closed","template":"","meta":{"footnotes":""},"class_list":["post-3685","page","type-page","status-publish","hentry"],"acf":[],"yoast_head":"<!-- This site is optimized with the Yoast SEO plugin v26.8 - https:\/\/yoast.com\/product\/yoast-seo-wordpress\/ -->\n<title>Questions fr\u00e9quemment pos\u00e9es -<\/title>\n<meta name=\"robots\" content=\"noindex, follow, max-snippet:-1, max-image-preview:large, max-video-preview:-1\" \/>\n<meta property=\"og:locale\" content=\"fr_FR\" \/>\n<meta property=\"og:type\" content=\"article\" \/>\n<meta property=\"og:title\" content=\"Questions fr\u00e9quemment pos\u00e9es -\" \/>\n<meta property=\"og:description\" content=\"Questions fr\u00e9quemment pos\u00e9es Cette page rassemble les questions fr\u00e9quemment pos\u00e9es de tout le site Christie &amp; Grey en un seul endroit. Il est con\u00e7u pour aider les ing\u00e9nieurs, consultants et \u00e9quipes projet \u00e0 trouver rapidement des r\u00e9ponses claires sur nos produits, applications, approbations et support technique. Si vous ne trouvez pas les informations que vous&hellip;\" \/>\n<meta property=\"og:url\" content=\"https:\/\/dev.christiegrey.com\/fr\/questions-frequemment-posees\/\" \/>\n<meta property=\"article:publisher\" content=\"https:\/\/www.facebook.com\/christieandgreylimited\" \/>\n<meta property=\"article:modified_time\" content=\"2026-01-26T06:45:13+00:00\" \/>\n<meta name=\"twitter:card\" content=\"summary_large_image\" \/>\n<meta name=\"twitter:site\" content=\"@christiegreyltd\" \/>\n<script type=\"application\/ld+json\" class=\"yoast-schema-graph\">{\"@context\":\"https:\/\/schema.org\",\"@graph\":[{\"@type\":\"WebPage\",\"@id\":\"https:\/\/dev.christiegrey.com\/fr\/questions-frequemment-posees\/\",\"url\":\"https:\/\/dev.christiegrey.com\/fr\/questions-frequemment-posees\/\",\"name\":\"Questions fr\u00e9quemment pos\u00e9es -\",\"isPartOf\":{\"@id\":\"https:\/\/dev.christiegrey.com\/#website\"},\"datePublished\":\"2026-01-08T07:19:06+00:00\",\"dateModified\":\"2026-01-26T06:45:13+00:00\",\"breadcrumb\":{\"@id\":\"https:\/\/dev.christiegrey.com\/fr\/questions-frequemment-posees\/#breadcrumb\"},\"inLanguage\":\"fr-FR\",\"potentialAction\":[{\"@type\":\"ReadAction\",\"target\":[\"https:\/\/dev.christiegrey.com\/fr\/questions-frequemment-posees\/\"]}]},{\"@type\":\"BreadcrumbList\",\"@id\":\"https:\/\/dev.christiegrey.com\/fr\/questions-frequemment-posees\/#breadcrumb\",\"itemListElement\":[{\"@type\":\"ListItem\",\"position\":1,\"name\":\"Accueil\",\"item\":\"https:\/\/dev.christiegrey.com\/fr\/\"},{\"@type\":\"ListItem\",\"position\":2,\"name\":\"Questions fr\u00e9quemment pos\u00e9es\"}]},{\"@type\":\"WebSite\",\"@id\":\"https:\/\/dev.christiegrey.com\/#website\",\"url\":\"https:\/\/dev.christiegrey.com\/\",\"name\":\"Christie & Grey\",\"description\":\"\",\"publisher\":{\"@id\":\"https:\/\/dev.christiegrey.com\/#organization\"},\"potentialAction\":[{\"@type\":\"SearchAction\",\"target\":{\"@type\":\"EntryPoint\",\"urlTemplate\":\"https:\/\/dev.christiegrey.com\/?s={search_term_string}\"},\"query-input\":{\"@type\":\"PropertyValueSpecification\",\"valueRequired\":true,\"valueName\":\"search_term_string\"}}],\"inLanguage\":\"fr-FR\"},{\"@type\":\"Organization\",\"@id\":\"https:\/\/dev.christiegrey.com\/#organization\",\"name\":\"Christie & Grey\",\"url\":\"https:\/\/dev.christiegrey.com\/\",\"logo\":{\"@type\":\"ImageObject\",\"inLanguage\":\"fr-FR\",\"@id\":\"https:\/\/dev.christiegrey.com\/#\/schema\/logo\/image\/\",\"url\":\"https:\/\/dev.christiegrey.com\/wp-content\/uploads\/2025\/12\/cropped-logo-scaled-1.png\",\"contentUrl\":\"https:\/\/dev.christiegrey.com\/wp-content\/uploads\/2025\/12\/cropped-logo-scaled-1.png\",\"width\":2559,\"height\":920,\"caption\":\"Christie & Grey\"},\"image\":{\"@id\":\"https:\/\/dev.christiegrey.com\/#\/schema\/logo\/image\/\"},\"sameAs\":[\"https:\/\/www.facebook.com\/christieandgreylimited\",\"https:\/\/x.com\/christiegreyltd\"]}]}<\/script>\n<!-- \/ Yoast SEO plugin. -->","yoast_head_json":{"title":"Questions fr\u00e9quemment pos\u00e9es -","robots":{"index":"noindex","follow":"follow","max-snippet":"max-snippet:-1","max-image-preview":"max-image-preview:large","max-video-preview":"max-video-preview:-1"},"og_locale":"fr_FR","og_type":"article","og_title":"Questions fr\u00e9quemment pos\u00e9es -","og_description":"Questions fr\u00e9quemment pos\u00e9es Cette page rassemble les questions fr\u00e9quemment pos\u00e9es de tout le site Christie &amp; Grey en un seul endroit. Il est con\u00e7u pour aider les ing\u00e9nieurs, consultants et \u00e9quipes projet \u00e0 trouver rapidement des r\u00e9ponses claires sur nos produits, applications, approbations et support technique. Si vous ne trouvez pas les informations que vous&hellip;","og_url":"https:\/\/dev.christiegrey.com\/fr\/questions-frequemment-posees\/","article_publisher":"https:\/\/www.facebook.com\/christieandgreylimited","article_modified_time":"2026-01-26T06:45:13+00:00","twitter_card":"summary_large_image","twitter_site":"@christiegreyltd","schema":{"@context":"https:\/\/schema.org","@graph":[{"@type":"WebPage","@id":"https:\/\/dev.christiegrey.com\/fr\/questions-frequemment-posees\/","url":"https:\/\/dev.christiegrey.com\/fr\/questions-frequemment-posees\/","name":"Questions fr\u00e9quemment pos\u00e9es -","isPartOf":{"@id":"https:\/\/dev.christiegrey.com\/#website"},"datePublished":"2026-01-08T07:19:06+00:00","dateModified":"2026-01-26T06:45:13+00:00","breadcrumb":{"@id":"https:\/\/dev.christiegrey.com\/fr\/questions-frequemment-posees\/#breadcrumb"},"inLanguage":"fr-FR","potentialAction":[{"@type":"ReadAction","target":["https:\/\/dev.christiegrey.com\/fr\/questions-frequemment-posees\/"]}]},{"@type":"BreadcrumbList","@id":"https:\/\/dev.christiegrey.com\/fr\/questions-frequemment-posees\/#breadcrumb","itemListElement":[{"@type":"ListItem","position":1,"name":"Accueil","item":"https:\/\/dev.christiegrey.com\/fr\/"},{"@type":"ListItem","position":2,"name":"Questions fr\u00e9quemment pos\u00e9es"}]},{"@type":"WebSite","@id":"https:\/\/dev.christiegrey.com\/#website","url":"https:\/\/dev.christiegrey.com\/","name":"Christie & Grey","description":"","publisher":{"@id":"https:\/\/dev.christiegrey.com\/#organization"},"potentialAction":[{"@type":"SearchAction","target":{"@type":"EntryPoint","urlTemplate":"https:\/\/dev.christiegrey.com\/?s={search_term_string}"},"query-input":{"@type":"PropertyValueSpecification","valueRequired":true,"valueName":"search_term_string"}}],"inLanguage":"fr-FR"},{"@type":"Organization","@id":"https:\/\/dev.christiegrey.com\/#organization","name":"Christie & Grey","url":"https:\/\/dev.christiegrey.com\/","logo":{"@type":"ImageObject","inLanguage":"fr-FR","@id":"https:\/\/dev.christiegrey.com\/#\/schema\/logo\/image\/","url":"https:\/\/dev.christiegrey.com\/wp-content\/uploads\/2025\/12\/cropped-logo-scaled-1.png","contentUrl":"https:\/\/dev.christiegrey.com\/wp-content\/uploads\/2025\/12\/cropped-logo-scaled-1.png","width":2559,"height":920,"caption":"Christie & Grey"},"image":{"@id":"https:\/\/dev.christiegrey.com\/#\/schema\/logo\/image\/"},"sameAs":["https:\/\/www.facebook.com\/christieandgreylimited","https:\/\/x.com\/christiegreyltd"]}]}},"_links":{"self":[{"href":"https:\/\/dev.christiegrey.com\/fr\/wp-json\/wp\/v2\/pages\/3685","targetHints":{"allow":["GET"]}}],"collection":[{"href":"https:\/\/dev.christiegrey.com\/fr\/wp-json\/wp\/v2\/pages"}],"about":[{"href":"https:\/\/dev.christiegrey.com\/fr\/wp-json\/wp\/v2\/types\/page"}],"author":[{"embeddable":true,"href":"https:\/\/dev.christiegrey.com\/fr\/wp-json\/wp\/v2\/users\/1"}],"replies":[{"embeddable":true,"href":"https:\/\/dev.christiegrey.com\/fr\/wp-json\/wp\/v2\/comments?post=3685"}],"version-history":[{"count":3,"href":"https:\/\/dev.christiegrey.com\/fr\/wp-json\/wp\/v2\/pages\/3685\/revisions"}],"predecessor-version":[{"id":3821,"href":"https:\/\/dev.christiegrey.com\/fr\/wp-json\/wp\/v2\/pages\/3685\/revisions\/3821"}],"wp:attachment":[{"href":"https:\/\/dev.christiegrey.com\/fr\/wp-json\/wp\/v2\/media?parent=3685"}],"curies":[{"name":"wp","href":"https:\/\/api.w.org\/{rel}","templated":true}]}}