{"id":3544,"date":"2026-01-16T13:07:16","date_gmt":"2026-01-16T13:07:16","guid":{"rendered":"https:\/\/christiegrey.com\/sitemap\/"},"modified":"2026-01-26T06:41:59","modified_gmt":"2026-01-26T06:41:59","slug":"sitemap","status":"publish","type":"page","link":"https:\/\/dev.christiegrey.com\/pt-pt\/sitemap\/","title":{"rendered":"Sitemap"},"content":{"rendered":"\t\t<div data-elementor-type=\"wp-post\" data-elementor-id=\"3544\" class=\"elementor elementor-3544 elementor-2781\" data-elementor-post-type=\"page\">\n\t\t\t\t<div class=\"elementor-element elementor-element-f1cb943 e-flex e-con-boxed e-con e-parent\" data-id=\"f1cb943\" data-element_type=\"container\" data-settings=\"{&quot;background_background&quot;:&quot;classic&quot;}\">\n\t\t\t\t\t<div class=\"e-con-inner\">\n\t\t<div class=\"elementor-element elementor-element-d55132b e-con-full e-flex e-con e-child\" data-id=\"d55132b\" data-element_type=\"container\" data-settings=\"{&quot;background_background&quot;:&quot;classic&quot;}\">\n\t\t\t\t<div class=\"elementor-element elementor-element-c638e5c elementor-widget elementor-widget-heading\" data-id=\"c638e5c\" data-element_type=\"widget\" data-widget_type=\"heading.default\">\n\t\t\t\t\t<h2 class=\"elementor-heading-title elementor-size-default\">Sitemap<\/h2>\t\t\t\t<\/div>\n\t\t\t\t<\/div>\n\t\t\t\t\t<\/div>\n\t\t\t\t<\/div>\n\t\t<div class=\"elementor-element elementor-element-ca1b122 e-grid e-con-boxed e-con e-parent\" data-id=\"ca1b122\" data-element_type=\"container\">\n\t\t\t\t\t<div class=\"e-con-inner\">\n\t\t\t\t<div class=\"elementor-element elementor-element-97a802a elementor-widget elementor-widget-sitemap\" data-id=\"97a802a\" data-element_type=\"widget\" data-widget_type=\"sitemap.default\">\n\t\t\t\t\t<div class=\"elementor-sitemap-wrap\"><div class=\"elementor-sitemap-section\"><h2 class=\"elementor-sitemap-title elementor-sitemap-product-title\">Nossos Produtos<\/h2><span class=\"elementor-sitemap-list elementor-sitemap-product-list\">Nenhum<\/span><\/div><\/div>\t\t\t\t<\/div>\n\t\t\t\t<div class=\"elementor-element elementor-element-195f6eb elementor-widget elementor-widget-sitemap\" data-id=\"195f6eb\" data-element_type=\"widget\" data-widget_type=\"sitemap.default\">\n\t\t\t\t\t<div class=\"elementor-sitemap-wrap\"><div class=\"elementor-sitemap-section\"><h2 class=\"elementor-sitemap-title elementor-sitemap-page-title\">P\u00e1ginas<\/h2><ul class=\"elementor-sitemap-list elementor-sitemap-page-list\"><li class=\"elementor-sitemap-item elementor-sitemap-item-page page_item page-item-3721 current_page_parent\"><a href=\"https:\/\/dev.christiegrey.com\/pt-pt\/blogs\/\">Blogs<\/a><\/li><li class=\"elementor-sitemap-item elementor-sitemap-item-page page_item page-item-3484\"><a href=\"https:\/\/dev.christiegrey.com\/pt-pt\/\">Casa<\/a><\/li><li class=\"elementor-sitemap-item elementor-sitemap-item-page page_item page-item-3462\"><a href=\"https:\/\/dev.christiegrey.com\/pt-pt\/contato\/\">Contato<\/a><\/li><li class=\"elementor-sitemap-item elementor-sitemap-item-page page_item page-item-3738\"><a href=\"https:\/\/dev.christiegrey.com\/pt-pt\/downloads\/\">Downloads<\/a><\/li><li class=\"elementor-sitemap-item elementor-sitemap-item-page page_item page-item-3693\"><a href=\"https:\/\/dev.christiegrey.com\/pt-pt\/eventos\/\">Eventos<\/a><\/li><li class=\"elementor-sitemap-item elementor-sitemap-item-page page_item page-item-266\"><a href=\"https:\/\/dev.christiegrey.com\/pt-pt\/loja\/\">Nossos Produtos<\/a><\/li><li class=\"elementor-sitemap-item elementor-sitemap-item-page page_item page-item-3651\"><a href=\"https:\/\/dev.christiegrey.com\/pt-pt\/patrimonio\/\">Patrim\u00f4nio<\/a><\/li><li class=\"elementor-sitemap-item elementor-sitemap-item-page page_item page-item-3722\"><a href=\"https:\/\/dev.christiegrey.com\/pt-pt\/perguntas-frequentes\/\">Perguntas Frequentes<\/a><\/li><li class=\"elementor-sitemap-item elementor-sitemap-item-page page_item page-item-3547\"><a href=\"https:\/\/dev.christiegrey.com\/pt-pt\/qualidade-e-meio-ambiente\/\">Qualidade e Meio Ambiente<\/a><\/li><li class=\"elementor-sitemap-item elementor-sitemap-item-page page_item page-item-3544\"><a href=\"https:\/\/dev.christiegrey.com\/pt-pt\/sitemap\/\">Sitemap<\/a><\/li><li class=\"elementor-sitemap-item elementor-sitemap-item-page page_item page-item-3606\"><a href=\"https:\/\/dev.christiegrey.com\/pt-pt\/sobre\/\">Sobre<\/a><\/li><li class=\"elementor-sitemap-item elementor-sitemap-item-page page_item page-item-3686\"><a href=\"https:\/\/dev.christiegrey.com\/pt-pt\/suporte-tecnico\/\">Suporte T\u00e9cnico<\/a><\/li><\/ul><\/div><\/div>\t\t\t\t<\/div>\n\t\t\t\t<div class=\"elementor-element elementor-element-8dd5387 elementor-widget elementor-widget-sitemap\" data-id=\"8dd5387\" data-element_type=\"widget\" data-widget_type=\"sitemap.default\">\n\t\t\t\t\t<div class=\"elementor-sitemap-wrap\"><div class=\"elementor-sitemap-section\"><h2 class=\"elementor-sitemap-title elementor-sitemap-case_study-title\">Estudos de Caso<\/h2><ul class=\"elementor-sitemap-list elementor-sitemap-case_study-list\"><li class=\"elementor-sitemap-item elementor-sitemap-item-case_study page_item page-item-1543\"><a href=\"https:\/\/dev.christiegrey.com\/pt-pt\/case-studies\/data-centre-uk\/\">Data Centre, UK<\/a><\/li><li class=\"elementor-sitemap-item elementor-sitemap-item-case_study page_item page-item-3237\"><a href=\"https:\/\/dev.christiegrey.com\/pt-pt\/case-studies\/heron-tower-london\/\">Heron Tower, London<\/a><\/li><li class=\"elementor-sitemap-item elementor-sitemap-item-case_study page_item page-item-1544\"><a href=\"https:\/\/dev.christiegrey.com\/pt-pt\/case-studies\/holland-and-holland-shooting-club\/\">Holland and Holland Shooting Club<\/a><\/li><li class=\"elementor-sitemap-item elementor-sitemap-item-case_study page_item page-item-1839\"><a href=\"https:\/\/dev.christiegrey.com\/pt-pt\/case-studies\/mv-jackie-brown\/\">MV Jackie Brown<\/a><\/li><li class=\"elementor-sitemap-item elementor-sitemap-item-case_study page_item page-item-1542\"><a href=\"https:\/\/dev.christiegrey.com\/pt-pt\/case-studies\/mv-ricky-hughes\/\">MV Ricky Hughes<\/a><\/li><li class=\"elementor-sitemap-item elementor-sitemap-item-case_study page_item page-item-1538\"><a href=\"https:\/\/dev.christiegrey.com\/pt-pt\/case-studies\/the-curzon-cinema-oxford\/\">The Curzon Cinema, Oxford<\/a><\/li><li class=\"elementor-sitemap-item elementor-sitemap-item-case_study page_item page-item-1545\"><a href=\"https:\/\/dev.christiegrey.com\/pt-pt\/case-studies\/tidewater-barge-mv-crown-point\/\">Tidewater Barge MV Crown Point<\/a><\/li><li class=\"elementor-sitemap-item elementor-sitemap-item-case_study page_item page-item-3238\"><a href=\"https:\/\/dev.christiegrey.com\/pt-pt\/case-studies\/trident-triton-rotor-tug\/\">Trident \/ Triton &#8211; Rotor-Tug<\/a><\/li><\/ul><\/div><\/div>\t\t\t\t<\/div>\n\t\t\t\t\t<\/div>\n\t\t\t\t<\/div>\n\t\t<div class=\"elementor-element elementor-element-b8df315 e-flex e-con-boxed e-con e-parent\" data-id=\"b8df315\" data-element_type=\"container\" data-settings=\"{&quot;background_background&quot;:&quot;classic&quot;}\">\n\t\t\t\t\t<div class=\"e-con-inner\">\n\t\t<div class=\"elementor-element elementor-element-d9fe9a1 e-grid e-con-full e-con e-child\" data-id=\"d9fe9a1\" data-element_type=\"container\">\n\t\t\t\t<div class=\"elementor-element elementor-element-501b9eb elementor-widget elementor-widget-heading\" data-id=\"501b9eb\" data-element_type=\"widget\" data-widget_type=\"heading.default\">\n\t\t\t\t\t<h2 class=\"elementor-heading-title elementor-size-default\">Para mais informa\u00e7\u00f5es ou consultas\n<\/h2>\t\t\t\t<\/div>\n\t\t\t\t<div class=\"elementor-element elementor-element-7b2fc81 elementor-widget elementor-widget-html\" data-id=\"7b2fc81\" data-element_type=\"widget\" data-widget_type=\"html.default\">\n\t\t\t\t\t<a class=\"about-contact-link\" href=\"https:\/\/dev.christiegrey.com\/pt-pt\/contato\/\">Entre em contato conosco  <img decoding=\"async\" class=\"white-arrow\" src=\"https:\/\/dev.christiegrey.com\/wp-content\/uploads\/2025\/12\/contact-icon.png\" alt=\"\">\n<\/a>\t\t\t\t<\/div>\n\t\t\t\t<\/div>\n\t\t\t\t\t<\/div>\n\t\t\t\t<\/div>\n\t\t\t\t<\/div>\n\t\t","protected":false},"excerpt":{"rendered":"<p>Sitemap Para mais informa\u00e7\u00f5es ou consultas Entre em contato conosco<\/p>\n","protected":false},"author":1,"featured_media":0,"parent":0,"menu_order":0,"comment_status":"closed","ping_status":"closed","template":"","meta":{"footnotes":""},"class_list":["post-3544","page","type-page","status-publish","hentry"],"acf":[],"yoast_head":"<!-- This site is optimized with the Yoast SEO plugin v26.8 - https:\/\/yoast.com\/product\/yoast-seo-wordpress\/ -->\n<title>Sitemap | Christie &amp; Grey<\/title>\n<meta name=\"description\" content=\"Navegue pelo sitemap do site da Christie &amp; Grey para localizar rapidamente p\u00e1ginas, produtos, recursos e informa\u00e7\u00f5es t\u00e9cnicas em todo o site.\" \/>\n<meta name=\"robots\" content=\"noindex, follow, max-snippet:-1, max-image-preview:large, max-video-preview:-1\" \/>\n<meta property=\"og:locale\" content=\"pt_PT\" \/>\n<meta property=\"og:type\" content=\"article\" \/>\n<meta property=\"og:title\" content=\"Sitemap | Christie &amp; Grey\" \/>\n<meta property=\"og:description\" content=\"Navegue pelo sitemap do site da Christie &amp; Grey para localizar rapidamente p\u00e1ginas, produtos, recursos e informa\u00e7\u00f5es t\u00e9cnicas em todo o site.\" \/>\n<meta property=\"og:url\" content=\"https:\/\/dev.christiegrey.com\/pt-pt\/sitemap\/\" \/>\n<meta property=\"article:publisher\" content=\"https:\/\/www.facebook.com\/christieandgreylimited\" \/>\n<meta property=\"article:modified_time\" content=\"2026-01-26T06:41:59+00:00\" \/>\n<meta property=\"og:image\" content=\"https:\/\/christiegrey.com\/wp-content\/uploads\/2025\/12\/contact-icon.png\" \/>\n<meta name=\"twitter:card\" content=\"summary_large_image\" \/>\n<meta name=\"twitter:site\" content=\"@christiegreyltd\" \/>\n<script type=\"application\/ld+json\" class=\"yoast-schema-graph\">{\"@context\":\"https:\/\/schema.org\",\"@graph\":[{\"@type\":\"WebPage\",\"@id\":\"https:\/\/dev.christiegrey.com\/pt-pt\/sitemap\/\",\"url\":\"https:\/\/dev.christiegrey.com\/pt-pt\/sitemap\/\",\"name\":\"Sitemap | Christie & Grey\",\"isPartOf\":{\"@id\":\"https:\/\/dev.christiegrey.com\/#website\"},\"primaryImageOfPage\":{\"@id\":\"https:\/\/dev.christiegrey.com\/pt-pt\/sitemap\/#primaryimage\"},\"image\":{\"@id\":\"https:\/\/dev.christiegrey.com\/pt-pt\/sitemap\/#primaryimage\"},\"thumbnailUrl\":\"https:\/\/christiegrey.com\/wp-content\/uploads\/2025\/12\/contact-icon.png\",\"datePublished\":\"2026-01-16T13:07:16+00:00\",\"dateModified\":\"2026-01-26T06:41:59+00:00\",\"description\":\"Navegue pelo sitemap do site da Christie & Grey para localizar rapidamente p\u00e1ginas, produtos, recursos e informa\u00e7\u00f5es t\u00e9cnicas em todo o site.\",\"breadcrumb\":{\"@id\":\"https:\/\/dev.christiegrey.com\/pt-pt\/sitemap\/#breadcrumb\"},\"inLanguage\":\"pt-PT\",\"potentialAction\":[{\"@type\":\"ReadAction\",\"target\":[\"https:\/\/dev.christiegrey.com\/pt-pt\/sitemap\/\"]}]},{\"@type\":\"ImageObject\",\"inLanguage\":\"pt-PT\",\"@id\":\"https:\/\/dev.christiegrey.com\/pt-pt\/sitemap\/#primaryimage\",\"url\":\"https:\/\/christiegrey.com\/wp-content\/uploads\/2025\/12\/contact-icon.png\",\"contentUrl\":\"https:\/\/christiegrey.com\/wp-content\/uploads\/2025\/12\/contact-icon.png\"},{\"@type\":\"BreadcrumbList\",\"@id\":\"https:\/\/dev.christiegrey.com\/pt-pt\/sitemap\/#breadcrumb\",\"itemListElement\":[{\"@type\":\"ListItem\",\"position\":1,\"name\":\"Casa\",\"item\":\"https:\/\/dev.christiegrey.com\/pt-pt\/\"},{\"@type\":\"ListItem\",\"position\":2,\"name\":\"Sitemap\"}]},{\"@type\":\"WebSite\",\"@id\":\"https:\/\/dev.christiegrey.com\/#website\",\"url\":\"https:\/\/dev.christiegrey.com\/\",\"name\":\"Christie & Grey\",\"description\":\"\",\"publisher\":{\"@id\":\"https:\/\/dev.christiegrey.com\/#organization\"},\"potentialAction\":[{\"@type\":\"SearchAction\",\"target\":{\"@type\":\"EntryPoint\",\"urlTemplate\":\"https:\/\/dev.christiegrey.com\/?s={search_term_string}\"},\"query-input\":{\"@type\":\"PropertyValueSpecification\",\"valueRequired\":true,\"valueName\":\"search_term_string\"}}],\"inLanguage\":\"pt-PT\"},{\"@type\":\"Organization\",\"@id\":\"https:\/\/dev.christiegrey.com\/#organization\",\"name\":\"Christie & Grey\",\"url\":\"https:\/\/dev.christiegrey.com\/\",\"logo\":{\"@type\":\"ImageObject\",\"inLanguage\":\"pt-PT\",\"@id\":\"https:\/\/dev.christiegrey.com\/#\/schema\/logo\/image\/\",\"url\":\"https:\/\/dev.christiegrey.com\/wp-content\/uploads\/2025\/12\/cropped-logo-scaled-1.png\",\"contentUrl\":\"https:\/\/dev.christiegrey.com\/wp-content\/uploads\/2025\/12\/cropped-logo-scaled-1.png\",\"width\":2559,\"height\":920,\"caption\":\"Christie & Grey\"},\"image\":{\"@id\":\"https:\/\/dev.christiegrey.com\/#\/schema\/logo\/image\/\"},\"sameAs\":[\"https:\/\/www.facebook.com\/christieandgreylimited\",\"https:\/\/x.com\/christiegreyltd\"]}]}<\/script>\n<!-- \/ Yoast SEO plugin. -->","yoast_head_json":{"title":"Sitemap | Christie & Grey","description":"Navegue pelo sitemap do site da Christie & Grey para localizar rapidamente p\u00e1ginas, produtos, recursos e informa\u00e7\u00f5es t\u00e9cnicas em todo o site.","robots":{"index":"noindex","follow":"follow","max-snippet":"max-snippet:-1","max-image-preview":"max-image-preview:large","max-video-preview":"max-video-preview:-1"},"og_locale":"pt_PT","og_type":"article","og_title":"Sitemap | Christie & Grey","og_description":"Navegue pelo sitemap do site da Christie & Grey para localizar rapidamente p\u00e1ginas, produtos, recursos e informa\u00e7\u00f5es t\u00e9cnicas em todo o site.","og_url":"https:\/\/dev.christiegrey.com\/pt-pt\/sitemap\/","article_publisher":"https:\/\/www.facebook.com\/christieandgreylimited","article_modified_time":"2026-01-26T06:41:59+00:00","og_image":[{"url":"https:\/\/christiegrey.com\/wp-content\/uploads\/2025\/12\/contact-icon.png","type":"","width":"","height":""}],"twitter_card":"summary_large_image","twitter_site":"@christiegreyltd","schema":{"@context":"https:\/\/schema.org","@graph":[{"@type":"WebPage","@id":"https:\/\/dev.christiegrey.com\/pt-pt\/sitemap\/","url":"https:\/\/dev.christiegrey.com\/pt-pt\/sitemap\/","name":"Sitemap | Christie & Grey","isPartOf":{"@id":"https:\/\/dev.christiegrey.com\/#website"},"primaryImageOfPage":{"@id":"https:\/\/dev.christiegrey.com\/pt-pt\/sitemap\/#primaryimage"},"image":{"@id":"https:\/\/dev.christiegrey.com\/pt-pt\/sitemap\/#primaryimage"},"thumbnailUrl":"https:\/\/christiegrey.com\/wp-content\/uploads\/2025\/12\/contact-icon.png","datePublished":"2026-01-16T13:07:16+00:00","dateModified":"2026-01-26T06:41:59+00:00","description":"Navegue pelo sitemap do site da Christie & Grey para localizar rapidamente p\u00e1ginas, produtos, recursos e informa\u00e7\u00f5es t\u00e9cnicas em todo o site.","breadcrumb":{"@id":"https:\/\/dev.christiegrey.com\/pt-pt\/sitemap\/#breadcrumb"},"inLanguage":"pt-PT","potentialAction":[{"@type":"ReadAction","target":["https:\/\/dev.christiegrey.com\/pt-pt\/sitemap\/"]}]},{"@type":"ImageObject","inLanguage":"pt-PT","@id":"https:\/\/dev.christiegrey.com\/pt-pt\/sitemap\/#primaryimage","url":"https:\/\/christiegrey.com\/wp-content\/uploads\/2025\/12\/contact-icon.png","contentUrl":"https:\/\/christiegrey.com\/wp-content\/uploads\/2025\/12\/contact-icon.png"},{"@type":"BreadcrumbList","@id":"https:\/\/dev.christiegrey.com\/pt-pt\/sitemap\/#breadcrumb","itemListElement":[{"@type":"ListItem","position":1,"name":"Casa","item":"https:\/\/dev.christiegrey.com\/pt-pt\/"},{"@type":"ListItem","position":2,"name":"Sitemap"}]},{"@type":"WebSite","@id":"https:\/\/dev.christiegrey.com\/#website","url":"https:\/\/dev.christiegrey.com\/","name":"Christie & Grey","description":"","publisher":{"@id":"https:\/\/dev.christiegrey.com\/#organization"},"potentialAction":[{"@type":"SearchAction","target":{"@type":"EntryPoint","urlTemplate":"https:\/\/dev.christiegrey.com\/?s={search_term_string}"},"query-input":{"@type":"PropertyValueSpecification","valueRequired":true,"valueName":"search_term_string"}}],"inLanguage":"pt-PT"},{"@type":"Organization","@id":"https:\/\/dev.christiegrey.com\/#organization","name":"Christie & Grey","url":"https:\/\/dev.christiegrey.com\/","logo":{"@type":"ImageObject","inLanguage":"pt-PT","@id":"https:\/\/dev.christiegrey.com\/#\/schema\/logo\/image\/","url":"https:\/\/dev.christiegrey.com\/wp-content\/uploads\/2025\/12\/cropped-logo-scaled-1.png","contentUrl":"https:\/\/dev.christiegrey.com\/wp-content\/uploads\/2025\/12\/cropped-logo-scaled-1.png","width":2559,"height":920,"caption":"Christie & Grey"},"image":{"@id":"https:\/\/dev.christiegrey.com\/#\/schema\/logo\/image\/"},"sameAs":["https:\/\/www.facebook.com\/christieandgreylimited","https:\/\/x.com\/christiegreyltd"]}]}},"_links":{"self":[{"href":"https:\/\/dev.christiegrey.com\/pt-pt\/wp-json\/wp\/v2\/pages\/3544","targetHints":{"allow":["GET"]}}],"collection":[{"href":"https:\/\/dev.christiegrey.com\/pt-pt\/wp-json\/wp\/v2\/pages"}],"about":[{"href":"https:\/\/dev.christiegrey.com\/pt-pt\/wp-json\/wp\/v2\/types\/page"}],"author":[{"embeddable":true,"href":"https:\/\/dev.christiegrey.com\/pt-pt\/wp-json\/wp\/v2\/users\/1"}],"replies":[{"embeddable":true,"href":"https:\/\/dev.christiegrey.com\/pt-pt\/wp-json\/wp\/v2\/comments?post=3544"}],"version-history":[{"count":1,"href":"https:\/\/dev.christiegrey.com\/pt-pt\/wp-json\/wp\/v2\/pages\/3544\/revisions"}],"predecessor-version":[{"id":3546,"href":"https:\/\/dev.christiegrey.com\/pt-pt\/wp-json\/wp\/v2\/pages\/3544\/revisions\/3546"}],"wp:attachment":[{"href":"https:\/\/dev.christiegrey.com\/pt-pt\/wp-json\/wp\/v2\/media?parent=3544"}],"curies":[{"name":"wp","href":"https:\/\/api.w.org\/{rel}","templated":true}]}}