{"id":3693,"date":"2026-01-14T23:55:10","date_gmt":"2026-01-14T23:55:10","guid":{"rendered":"https:\/\/christiegrey.com\/eventos\/"},"modified":"2026-01-26T06:43:03","modified_gmt":"2026-01-26T06:43:03","slug":"eventos","status":"publish","type":"page","link":"https:\/\/dev.christiegrey.com\/pt-pt\/eventos\/","title":{"rendered":"Eventos"},"content":{"rendered":"\t\t<div data-elementor-type=\"wp-page\" data-elementor-id=\"3693\" class=\"elementor elementor-3693 elementor-2595\" data-elementor-post-type=\"page\">\n\t\t\t\t<div class=\"elementor-element elementor-element-355c1fa e-flex e-con-boxed e-con e-parent\" data-id=\"355c1fa\" data-element_type=\"container\" id=\"blog-banner\" data-settings=\"{&quot;background_background&quot;:&quot;classic&quot;}\">\n\t\t\t\t\t<div class=\"e-con-inner\">\n\t\t\t\t<div class=\"elementor-element elementor-element-d851f3c elementor-widget elementor-widget-heading\" data-id=\"d851f3c\" data-element_type=\"widget\" data-widget_type=\"heading.default\">\n\t\t\t\t\t<h1 class=\"elementor-heading-title elementor-size-default\">Eventos<\/h1>\t\t\t\t<\/div>\n\t\t\t\t<div class=\"elementor-element elementor-element-0f96be2 elementor-widget elementor-widget-text-editor\" data-id=\"0f96be2\" data-element_type=\"widget\" data-widget_type=\"text-editor.default\">\n\t\t\t\t\t\t\t\t\tExposi\u00e7\u00f5es, feiras comerciais e eventos do setor ao redor do mundo.\t\t\t\t\t\t\t\t<\/div>\n\t\t\t\t\t<\/div>\n\t\t\t\t<\/div>\n\t\t<div class=\"elementor-element elementor-element-d125e95 e-flex e-con-boxed e-con e-parent\" data-id=\"d125e95\" data-element_type=\"container\" data-settings=\"{&quot;background_background&quot;:&quot;classic&quot;}\">\n\t\t\t\t\t<div class=\"e-con-inner\">\n\t\t\t\t<div class=\"elementor-element elementor-element-cf08760 elementor-widget elementor-widget-heading\" data-id=\"cf08760\" data-element_type=\"widget\" data-widget_type=\"heading.default\">\n\t\t\t\t\t<h2 class=\"elementor-heading-title elementor-size-default\">Conhe\u00e7a Christie &amp; Grey em eventos do setor ao redor do mundo.<\/h2>\t\t\t\t<\/div>\n\t\t\t\t<div class=\"elementor-element elementor-element-03aac73 elementor-widget elementor-widget-text-editor\" data-id=\"03aac73\" data-element_type=\"widget\" data-widget_type=\"text-editor.default\">\n\t\t\t\t\t\t\t\t\tParticipamos regularmente de exposi\u00e7\u00f5es, feiras comerciais e eventos t\u00e9cnicos nos setores mar\u00edtimo, industrial e da constru\u00e7\u00e3o. Esses eventos proporcionam oportunidades para conversar diretamente com nossa equipe, discutir desafios espec\u00edficos de aplica\u00e7\u00e3o e aprender mais sobre nossas solu\u00e7\u00f5es de controle de vibra\u00e7\u00e3o, ru\u00eddo e choque em ambientes reais. \t\t\t\t\t\t\t\t<\/div>\n\t\t\t\t\t<\/div>\n\t\t\t\t<\/div>\n\t\t<div class=\"elementor-element elementor-element-eee5dc0 e-flex e-con-boxed e-con e-parent\" data-id=\"eee5dc0\" data-element_type=\"container\" id=\"all-blogs-section\">\n\t\t\t\t\t<div class=\"e-con-inner\">\n\t\t\t\t<div class=\"elementor-element elementor-element-68d4daf e-n-tabs-mobile elementor-widget elementor-widget-n-tabs\" data-id=\"68d4daf\" data-element_type=\"widget\" data-settings=\"{&quot;horizontal_scroll&quot;:&quot;disable&quot;}\" data-widget_type=\"nested-tabs.default\">\n\t\t\t\t\t\t\t<div class=\"e-n-tabs\" data-widget-number=\"109923759\" aria-label=\"Tabs. Open items with Enter or Space, close with Escape and navigate using the Arrow keys.\">\n\t\t\t<div class=\"e-n-tabs-heading\" role=\"tablist\">\n\t\t\t\t\t<button id=\"e-n-tab-title-1099237591\" data-tab-title-id=\"e-n-tab-title-1099237591\" class=\"e-n-tab-title\" aria-selected=\"true\" data-tab-index=\"1\" role=\"tab\" tabindex=\"0\" aria-controls=\"e-n-tab-content-1099237591\" style=\"--n-tabs-title-order: 1;\">\n\t\t\t\t\t\t<span class=\"e-n-tab-title-text\">\n\t\t\t\tTodos\t\t\t<\/span>\n\t\t<\/button>\n\t\t\t\t\t<\/div>\n\t\t\t<div class=\"e-n-tabs-content\">\n\t\t\t\t<div id=\"e-n-tab-content-1099237591\" role=\"tabpanel\" aria-labelledby=\"e-n-tab-title-1099237591\" data-tab-index=\"1\" style=\"--n-tabs-title-order: 1;\" class=\"e-active elementor-element elementor-element-ec96150 e-con-full e-flex e-con e-child\" data-id=\"ec96150\" data-element_type=\"container\">\n\t\t\t\t<div class=\"elementor-element elementor-element-aa949d0 elementor-hidden-desktop elementor-hidden-tablet elementor-hidden-mobile elementor-widget elementor-widget-button\" data-id=\"aa949d0\" data-element_type=\"widget\" data-widget_type=\"button.default\">\n\t\t\t\t\t\t\t\t\t\t<a class=\"elementor-button elementor-button-link elementor-size-sm\" href=\"https:\/\/dev.christiegrey.com\/category\/blogs\/\">\n\t\t\t\t\t\t<span class=\"elementor-button-content-wrapper\">\n\t\t\t\t\t\t\t\t\t<span class=\"elementor-button-text\">Veja Tudo<\/span>\n\t\t\t\t\t<\/span>\n\t\t\t\t\t<\/a>\n\t\t\t\t\t\t\t\t<\/div>\n\t\t\t\t<\/div>\n\t\t\t\t\t<\/div>\n\t\t<\/div>\n\t\t\t\t\t\t<\/div>\n\t\t\t\t\t<\/div>\n\t\t\t\t<\/div>\n\t\t\t\t<\/div>\n\t\t","protected":false},"excerpt":{"rendered":"<p>Eventos Exposi\u00e7\u00f5es, feiras comerciais e eventos do setor ao redor do mundo. Conhe\u00e7a Christie &amp; Grey em eventos do setor ao redor do mundo. Participamos regularmente de exposi\u00e7\u00f5es, feiras comerciais e eventos t\u00e9cnicos nos setores mar\u00edtimo, industrial e da constru\u00e7\u00e3o. Esses eventos proporcionam oportunidades para conversar diretamente com nossa equipe, discutir desafios espec\u00edficos de aplica\u00e7\u00e3o&hellip;<\/p>\n","protected":false},"author":1,"featured_media":0,"parent":0,"menu_order":0,"comment_status":"closed","ping_status":"closed","template":"","meta":{"footnotes":""},"class_list":["post-3693","page","type-page","status-publish","hentry"],"acf":[],"yoast_head":"<!-- This site is optimized with the Yoast SEO plugin v26.8 - https:\/\/yoast.com\/product\/yoast-seo-wordpress\/ -->\n<title>Eventos \u2013 Oficinas e Exposi\u00e7\u00f5es do Setores<\/title>\n<meta name=\"description\" content=\"Fique atualizado sobre eventos, oficinas e exposi\u00e7\u00f5es do setor da Christie &amp; Grey, com inova\u00e7\u00f5es em controle de vibra\u00e7\u00e3o e solu\u00e7\u00f5es ac\u00fasticas. Explore as pr\u00f3ximas datas.\" \/>\n<meta name=\"robots\" content=\"noindex, follow, max-snippet:-1, max-image-preview:large, max-video-preview:-1\" \/>\n<meta property=\"og:locale\" content=\"pt_PT\" \/>\n<meta property=\"og:type\" content=\"article\" \/>\n<meta property=\"og:title\" content=\"Eventos \u2013 Oficinas e Exposi\u00e7\u00f5es do Setores\" \/>\n<meta property=\"og:description\" content=\"Fique atualizado sobre eventos, oficinas e exposi\u00e7\u00f5es do setor da Christie &amp; Grey, com inova\u00e7\u00f5es em controle de vibra\u00e7\u00e3o e solu\u00e7\u00f5es ac\u00fasticas. Explore as pr\u00f3ximas datas.\" \/>\n<meta property=\"og:url\" content=\"https:\/\/dev.christiegrey.com\/pt-pt\/eventos\/\" \/>\n<meta property=\"article:publisher\" content=\"https:\/\/www.facebook.com\/christieandgreylimited\" \/>\n<meta property=\"article:modified_time\" content=\"2026-01-26T06:43:03+00:00\" \/>\n<meta property=\"og:image\" content=\"https:\/\/christiegrey.com\/wp-content\/uploads\/2026\/01\/Saltash-Tunnel.jpg\" \/>\n<meta name=\"twitter:card\" content=\"summary_large_image\" \/>\n<meta name=\"twitter:site\" content=\"@christiegreyltd\" \/>\n<meta name=\"twitter:label1\" content=\"Tempo estimado de leitura\" \/>\n\t<meta name=\"twitter:data1\" content=\"1 minuto\" \/>\n<script type=\"application\/ld+json\" class=\"yoast-schema-graph\">{\"@context\":\"https:\/\/schema.org\",\"@graph\":[{\"@type\":\"WebPage\",\"@id\":\"https:\/\/dev.christiegrey.com\/pt-pt\/eventos\/\",\"url\":\"https:\/\/dev.christiegrey.com\/pt-pt\/eventos\/\",\"name\":\"Eventos \u2013 Oficinas e Exposi\u00e7\u00f5es do Setores\",\"isPartOf\":{\"@id\":\"https:\/\/dev.christiegrey.com\/#website\"},\"primaryImageOfPage\":{\"@id\":\"https:\/\/dev.christiegrey.com\/pt-pt\/eventos\/#primaryimage\"},\"image\":{\"@id\":\"https:\/\/dev.christiegrey.com\/pt-pt\/eventos\/#primaryimage\"},\"thumbnailUrl\":\"https:\/\/christiegrey.com\/wp-content\/uploads\/2026\/01\/Saltash-Tunnel.jpg\",\"datePublished\":\"2026-01-14T23:55:10+00:00\",\"dateModified\":\"2026-01-26T06:43:03+00:00\",\"description\":\"Fique atualizado sobre eventos, oficinas e exposi\u00e7\u00f5es do setor da Christie & Grey, com inova\u00e7\u00f5es em controle de vibra\u00e7\u00e3o e solu\u00e7\u00f5es ac\u00fasticas. Explore as pr\u00f3ximas datas.\",\"breadcrumb\":{\"@id\":\"https:\/\/dev.christiegrey.com\/pt-pt\/eventos\/#breadcrumb\"},\"inLanguage\":\"pt-PT\",\"potentialAction\":[{\"@type\":\"ReadAction\",\"target\":[\"https:\/\/dev.christiegrey.com\/pt-pt\/eventos\/\"]}]},{\"@type\":\"ImageObject\",\"inLanguage\":\"pt-PT\",\"@id\":\"https:\/\/dev.christiegrey.com\/pt-pt\/eventos\/#primaryimage\",\"url\":\"https:\/\/christiegrey.com\/wp-content\/uploads\/2026\/01\/Saltash-Tunnel.jpg\",\"contentUrl\":\"https:\/\/christiegrey.com\/wp-content\/uploads\/2026\/01\/Saltash-Tunnel.jpg\"},{\"@type\":\"BreadcrumbList\",\"@id\":\"https:\/\/dev.christiegrey.com\/pt-pt\/eventos\/#breadcrumb\",\"itemListElement\":[{\"@type\":\"ListItem\",\"position\":1,\"name\":\"Casa\",\"item\":\"https:\/\/dev.christiegrey.com\/pt-pt\/\"},{\"@type\":\"ListItem\",\"position\":2,\"name\":\"Eventos\"}]},{\"@type\":\"WebSite\",\"@id\":\"https:\/\/dev.christiegrey.com\/#website\",\"url\":\"https:\/\/dev.christiegrey.com\/\",\"name\":\"Christie & Grey\",\"description\":\"\",\"publisher\":{\"@id\":\"https:\/\/dev.christiegrey.com\/#organization\"},\"potentialAction\":[{\"@type\":\"SearchAction\",\"target\":{\"@type\":\"EntryPoint\",\"urlTemplate\":\"https:\/\/dev.christiegrey.com\/?s={search_term_string}\"},\"query-input\":{\"@type\":\"PropertyValueSpecification\",\"valueRequired\":true,\"valueName\":\"search_term_string\"}}],\"inLanguage\":\"pt-PT\"},{\"@type\":\"Organization\",\"@id\":\"https:\/\/dev.christiegrey.com\/#organization\",\"name\":\"Christie & Grey\",\"url\":\"https:\/\/dev.christiegrey.com\/\",\"logo\":{\"@type\":\"ImageObject\",\"inLanguage\":\"pt-PT\",\"@id\":\"https:\/\/dev.christiegrey.com\/#\/schema\/logo\/image\/\",\"url\":\"https:\/\/dev.christiegrey.com\/wp-content\/uploads\/2025\/12\/cropped-logo-scaled-1.png\",\"contentUrl\":\"https:\/\/dev.christiegrey.com\/wp-content\/uploads\/2025\/12\/cropped-logo-scaled-1.png\",\"width\":2559,\"height\":920,\"caption\":\"Christie & Grey\"},\"image\":{\"@id\":\"https:\/\/dev.christiegrey.com\/#\/schema\/logo\/image\/\"},\"sameAs\":[\"https:\/\/www.facebook.com\/christieandgreylimited\",\"https:\/\/x.com\/christiegreyltd\"]}]}<\/script>\n<!-- \/ Yoast SEO plugin. -->","yoast_head_json":{"title":"Eventos \u2013 Oficinas e Exposi\u00e7\u00f5es do Setores","description":"Fique atualizado sobre eventos, oficinas e exposi\u00e7\u00f5es do setor da Christie & Grey, com inova\u00e7\u00f5es em controle de vibra\u00e7\u00e3o e solu\u00e7\u00f5es ac\u00fasticas. Explore as pr\u00f3ximas datas.","robots":{"index":"noindex","follow":"follow","max-snippet":"max-snippet:-1","max-image-preview":"max-image-preview:large","max-video-preview":"max-video-preview:-1"},"og_locale":"pt_PT","og_type":"article","og_title":"Eventos \u2013 Oficinas e Exposi\u00e7\u00f5es do Setores","og_description":"Fique atualizado sobre eventos, oficinas e exposi\u00e7\u00f5es do setor da Christie & Grey, com inova\u00e7\u00f5es em controle de vibra\u00e7\u00e3o e solu\u00e7\u00f5es ac\u00fasticas. Explore as pr\u00f3ximas datas.","og_url":"https:\/\/dev.christiegrey.com\/pt-pt\/eventos\/","article_publisher":"https:\/\/www.facebook.com\/christieandgreylimited","article_modified_time":"2026-01-26T06:43:03+00:00","og_image":[{"url":"https:\/\/christiegrey.com\/wp-content\/uploads\/2026\/01\/Saltash-Tunnel.jpg","type":"","width":"","height":""}],"twitter_card":"summary_large_image","twitter_site":"@christiegreyltd","twitter_misc":{"Tempo estimado de leitura":"1 minuto"},"schema":{"@context":"https:\/\/schema.org","@graph":[{"@type":"WebPage","@id":"https:\/\/dev.christiegrey.com\/pt-pt\/eventos\/","url":"https:\/\/dev.christiegrey.com\/pt-pt\/eventos\/","name":"Eventos \u2013 Oficinas e Exposi\u00e7\u00f5es do Setores","isPartOf":{"@id":"https:\/\/dev.christiegrey.com\/#website"},"primaryImageOfPage":{"@id":"https:\/\/dev.christiegrey.com\/pt-pt\/eventos\/#primaryimage"},"image":{"@id":"https:\/\/dev.christiegrey.com\/pt-pt\/eventos\/#primaryimage"},"thumbnailUrl":"https:\/\/christiegrey.com\/wp-content\/uploads\/2026\/01\/Saltash-Tunnel.jpg","datePublished":"2026-01-14T23:55:10+00:00","dateModified":"2026-01-26T06:43:03+00:00","description":"Fique atualizado sobre eventos, oficinas e exposi\u00e7\u00f5es do setor da Christie & Grey, com inova\u00e7\u00f5es em controle de vibra\u00e7\u00e3o e solu\u00e7\u00f5es ac\u00fasticas. Explore as pr\u00f3ximas datas.","breadcrumb":{"@id":"https:\/\/dev.christiegrey.com\/pt-pt\/eventos\/#breadcrumb"},"inLanguage":"pt-PT","potentialAction":[{"@type":"ReadAction","target":["https:\/\/dev.christiegrey.com\/pt-pt\/eventos\/"]}]},{"@type":"ImageObject","inLanguage":"pt-PT","@id":"https:\/\/dev.christiegrey.com\/pt-pt\/eventos\/#primaryimage","url":"https:\/\/christiegrey.com\/wp-content\/uploads\/2026\/01\/Saltash-Tunnel.jpg","contentUrl":"https:\/\/christiegrey.com\/wp-content\/uploads\/2026\/01\/Saltash-Tunnel.jpg"},{"@type":"BreadcrumbList","@id":"https:\/\/dev.christiegrey.com\/pt-pt\/eventos\/#breadcrumb","itemListElement":[{"@type":"ListItem","position":1,"name":"Casa","item":"https:\/\/dev.christiegrey.com\/pt-pt\/"},{"@type":"ListItem","position":2,"name":"Eventos"}]},{"@type":"WebSite","@id":"https:\/\/dev.christiegrey.com\/#website","url":"https:\/\/dev.christiegrey.com\/","name":"Christie & Grey","description":"","publisher":{"@id":"https:\/\/dev.christiegrey.com\/#organization"},"potentialAction":[{"@type":"SearchAction","target":{"@type":"EntryPoint","urlTemplate":"https:\/\/dev.christiegrey.com\/?s={search_term_string}"},"query-input":{"@type":"PropertyValueSpecification","valueRequired":true,"valueName":"search_term_string"}}],"inLanguage":"pt-PT"},{"@type":"Organization","@id":"https:\/\/dev.christiegrey.com\/#organization","name":"Christie & Grey","url":"https:\/\/dev.christiegrey.com\/","logo":{"@type":"ImageObject","inLanguage":"pt-PT","@id":"https:\/\/dev.christiegrey.com\/#\/schema\/logo\/image\/","url":"https:\/\/dev.christiegrey.com\/wp-content\/uploads\/2025\/12\/cropped-logo-scaled-1.png","contentUrl":"https:\/\/dev.christiegrey.com\/wp-content\/uploads\/2025\/12\/cropped-logo-scaled-1.png","width":2559,"height":920,"caption":"Christie & Grey"},"image":{"@id":"https:\/\/dev.christiegrey.com\/#\/schema\/logo\/image\/"},"sameAs":["https:\/\/www.facebook.com\/christieandgreylimited","https:\/\/x.com\/christiegreyltd"]}]}},"_links":{"self":[{"href":"https:\/\/dev.christiegrey.com\/pt-pt\/wp-json\/wp\/v2\/pages\/3693","targetHints":{"allow":["GET"]}}],"collection":[{"href":"https:\/\/dev.christiegrey.com\/pt-pt\/wp-json\/wp\/v2\/pages"}],"about":[{"href":"https:\/\/dev.christiegrey.com\/pt-pt\/wp-json\/wp\/v2\/types\/page"}],"author":[{"embeddable":true,"href":"https:\/\/dev.christiegrey.com\/pt-pt\/wp-json\/wp\/v2\/users\/1"}],"replies":[{"embeddable":true,"href":"https:\/\/dev.christiegrey.com\/pt-pt\/wp-json\/wp\/v2\/comments?post=3693"}],"version-history":[{"count":1,"href":"https:\/\/dev.christiegrey.com\/pt-pt\/wp-json\/wp\/v2\/pages\/3693\/revisions"}],"predecessor-version":[{"id":3696,"href":"https:\/\/dev.christiegrey.com\/pt-pt\/wp-json\/wp\/v2\/pages\/3693\/revisions\/3696"}],"wp:attachment":[{"href":"https:\/\/dev.christiegrey.com\/pt-pt\/wp-json\/wp\/v2\/media?parent=3693"}],"curies":[{"name":"wp","href":"https:\/\/api.w.org\/{rel}","templated":true}]}}