{"id":3722,"date":"2026-01-08T07:19:06","date_gmt":"2026-01-08T07:19:06","guid":{"rendered":"https:\/\/christiegrey.com\/perguntas-frequentes\/"},"modified":"2026-01-26T06:45:17","modified_gmt":"2026-01-26T06:45:17","slug":"perguntas-frequentes","status":"publish","type":"page","link":"https:\/\/dev.christiegrey.com\/pt-pt\/perguntas-frequentes\/","title":{"rendered":"Perguntas Frequentes"},"content":{"rendered":"\t\t<div data-elementor-type=\"wp-page\" data-elementor-id=\"3722\" class=\"elementor elementor-3722 elementor-1778\" data-elementor-post-type=\"page\">\n\t\t\t\t<div class=\"elementor-element elementor-element-aaf27a3 e-flex e-con-boxed e-con e-parent\" data-id=\"aaf27a3\" data-element_type=\"container\" data-settings=\"{&quot;background_background&quot;:&quot;classic&quot;}\">\n\t\t\t\t\t<div class=\"e-con-inner\">\n\t\t\t\t<div class=\"elementor-element elementor-element-810cc51 elementor-widget elementor-widget-heading\" data-id=\"810cc51\" data-element_type=\"widget\" data-widget_type=\"heading.default\">\n\t\t\t\t\t<h2 class=\"elementor-heading-title elementor-size-default\">Perguntas Frequentes<\/h2>\t\t\t\t<\/div>\n\t\t\t\t<div class=\"elementor-element elementor-element-2d35bcc elementor-widget elementor-widget-text-editor\" data-id=\"2d35bcc\" data-element_type=\"widget\" data-widget_type=\"text-editor.default\">\n\t\t\t\t\t\t\t\t\tEsta p\u00e1gina re\u00fane perguntas frequentes de todo o site da Christie &amp; Grey em um s\u00f3 lugar. Ele foi projetado para ajudar engenheiros, consultores e equipes de projeto a encontrar rapidamente respostas claras sobre nossos produtos, aplica\u00e7\u00f5es, aprova\u00e7\u00f5es e suporte t\u00e9cnico. Se voc\u00ea n\u00e3o encontrar as informa\u00e7\u00f5es que procura, nossa equipe de engenharia est\u00e1 sempre dispon\u00edvel para fornecer orienta\u00e7\u00f5es adicionais.\t\t\t\t\t\t\t\t<\/div>\n\t\t\t\t\t<\/div>\n\t\t\t\t<\/div>\n\t\t<div class=\"elementor-element elementor-element-e36be76 faq_section e-flex e-con-boxed e-con e-parent\" data-id=\"e36be76\" data-element_type=\"container\">\n\t\t\t\t\t<div class=\"e-con-inner\">\n\t\t\t\t<div class=\"elementor-element elementor-element-f7ea279 elementor-widget elementor-widget-shortcode\" data-id=\"f7ea279\" data-element_type=\"widget\" data-widget_type=\"shortcode.default\">\n\t\t\t\t\t\t\t<div class=\"elementor-shortcode\"><\/div>\n\t\t\t\t\t\t<\/div>\n\t\t\t\t\t<\/div>\n\t\t\t\t<\/div>\n\t\t<div class=\"elementor-element elementor-element-46008801 e-flex e-con-boxed e-con e-parent\" data-id=\"46008801\" data-element_type=\"container\" data-settings=\"{&quot;background_background&quot;:&quot;classic&quot;}\">\n\t\t\t\t\t<div class=\"e-con-inner\">\n\t\t\t\t<div class=\"elementor-element elementor-element-789a18b elementor-widget elementor-widget-shortcode\" data-id=\"789a18b\" data-element_type=\"widget\" data-widget_type=\"shortcode.default\">\n\t\t\t\t\t\t\t<div class=\"elementor-shortcode\">\t\t<div data-elementor-type=\"container\" data-elementor-id=\"1986\" class=\"elementor elementor-1986\" data-elementor-post-type=\"elementor_library\">\n\t\t\t\t<div class=\"elementor-element elementor-element-6952cb5f e-flex e-con-boxed e-con e-parent\" data-id=\"6952cb5f\" data-element_type=\"container\" data-settings=\"{&quot;background_background&quot;:&quot;classic&quot;}\">\n\t\t\t\t\t<div class=\"e-con-inner\">\n\t\t<div class=\"elementor-element elementor-element-7c9568df e-grid e-con-full e-con e-child\" data-id=\"7c9568df\" data-element_type=\"container\">\n\t\t\t\t<div class=\"elementor-element elementor-element-9cb4307 elementor-widget elementor-widget-heading\" data-id=\"9cb4307\" data-element_type=\"widget\" data-widget_type=\"heading.default\">\n\t\t\t\t\t<h2 class=\"elementor-heading-title elementor-size-default\">For further information or enquiries<\/h2>\t\t\t\t<\/div>\n\t\t\t\t<div class=\"elementor-element elementor-element-2e480406 elementor-widget elementor-widget-html\" data-id=\"2e480406\" data-element_type=\"widget\" data-widget_type=\"html.default\">\n\t\t\t\t\t<a class=\"about-contact-link\" href=\"https:\/\/dev.christiegrey.com\/contact\/\">Contact Us <img decoding=\"async\" class=\"white-arrow\" src=\"https:\/\/dev.christiegrey.com\/wp-content\/uploads\/2025\/12\/contact-icon.png\" alt=\"\" \/>\n<\/a>\t\t\t\t<\/div>\n\t\t\t\t<\/div>\n\t\t\t\t\t<\/div>\n\t\t\t\t<\/div>\n\t\t\t\t<\/div>\n\t\t<\/div>\n\t\t\t\t\t\t<\/div>\n\t\t\t\t\t<\/div>\n\t\t\t\t<\/div>\n\t\t\t\t<\/div>\n\t\t","protected":false},"excerpt":{"rendered":"<p>Perguntas Frequentes Esta p\u00e1gina re\u00fane perguntas frequentes de todo o site da Christie &amp; Grey em um s\u00f3 lugar. Ele foi projetado para ajudar engenheiros, consultores e equipes de projeto a encontrar rapidamente respostas claras sobre nossos produtos, aplica\u00e7\u00f5es, aprova\u00e7\u00f5es e suporte t\u00e9cnico. Se voc\u00ea n\u00e3o encontrar as informa\u00e7\u00f5es que procura, nossa equipe de engenharia&hellip;<\/p>\n","protected":false},"author":1,"featured_media":0,"parent":0,"menu_order":0,"comment_status":"closed","ping_status":"closed","template":"","meta":{"footnotes":""},"class_list":["post-3722","page","type-page","status-publish","hentry"],"acf":[],"yoast_head":"<!-- This site is optimized with the Yoast SEO plugin v26.8 - https:\/\/yoast.com\/product\/yoast-seo-wordpress\/ -->\n<title>Perguntas Frequentes -<\/title>\n<meta name=\"robots\" content=\"noindex, follow, max-snippet:-1, max-image-preview:large, max-video-preview:-1\" \/>\n<meta property=\"og:locale\" content=\"pt_PT\" \/>\n<meta property=\"og:type\" content=\"article\" \/>\n<meta property=\"og:title\" content=\"Perguntas Frequentes -\" \/>\n<meta property=\"og:description\" content=\"Perguntas Frequentes Esta p\u00e1gina re\u00fane perguntas frequentes de todo o site da Christie &amp; Grey em um s\u00f3 lugar. Ele foi projetado para ajudar engenheiros, consultores e equipes de projeto a encontrar rapidamente respostas claras sobre nossos produtos, aplica\u00e7\u00f5es, aprova\u00e7\u00f5es e suporte t\u00e9cnico. Se voc\u00ea n\u00e3o encontrar as informa\u00e7\u00f5es que procura, nossa equipe de engenharia&hellip;\" \/>\n<meta property=\"og:url\" content=\"https:\/\/dev.christiegrey.com\/pt-pt\/perguntas-frequentes\/\" \/>\n<meta property=\"article:publisher\" content=\"https:\/\/www.facebook.com\/christieandgreylimited\" \/>\n<meta property=\"article:modified_time\" content=\"2026-01-26T06:45:17+00:00\" \/>\n<meta name=\"twitter:card\" content=\"summary_large_image\" \/>\n<meta name=\"twitter:site\" content=\"@christiegreyltd\" \/>\n<script type=\"application\/ld+json\" class=\"yoast-schema-graph\">{\"@context\":\"https:\/\/schema.org\",\"@graph\":[{\"@type\":\"WebPage\",\"@id\":\"https:\/\/dev.christiegrey.com\/pt-pt\/perguntas-frequentes\/\",\"url\":\"https:\/\/dev.christiegrey.com\/pt-pt\/perguntas-frequentes\/\",\"name\":\"Perguntas Frequentes -\",\"isPartOf\":{\"@id\":\"https:\/\/dev.christiegrey.com\/#website\"},\"datePublished\":\"2026-01-08T07:19:06+00:00\",\"dateModified\":\"2026-01-26T06:45:17+00:00\",\"breadcrumb\":{\"@id\":\"https:\/\/dev.christiegrey.com\/pt-pt\/perguntas-frequentes\/#breadcrumb\"},\"inLanguage\":\"pt-PT\",\"potentialAction\":[{\"@type\":\"ReadAction\",\"target\":[\"https:\/\/dev.christiegrey.com\/pt-pt\/perguntas-frequentes\/\"]}]},{\"@type\":\"BreadcrumbList\",\"@id\":\"https:\/\/dev.christiegrey.com\/pt-pt\/perguntas-frequentes\/#breadcrumb\",\"itemListElement\":[{\"@type\":\"ListItem\",\"position\":1,\"name\":\"Casa\",\"item\":\"https:\/\/dev.christiegrey.com\/pt-pt\/\"},{\"@type\":\"ListItem\",\"position\":2,\"name\":\"Perguntas Frequentes\"}]},{\"@type\":\"WebSite\",\"@id\":\"https:\/\/dev.christiegrey.com\/#website\",\"url\":\"https:\/\/dev.christiegrey.com\/\",\"name\":\"Christie & Grey\",\"description\":\"\",\"publisher\":{\"@id\":\"https:\/\/dev.christiegrey.com\/#organization\"},\"potentialAction\":[{\"@type\":\"SearchAction\",\"target\":{\"@type\":\"EntryPoint\",\"urlTemplate\":\"https:\/\/dev.christiegrey.com\/?s={search_term_string}\"},\"query-input\":{\"@type\":\"PropertyValueSpecification\",\"valueRequired\":true,\"valueName\":\"search_term_string\"}}],\"inLanguage\":\"pt-PT\"},{\"@type\":\"Organization\",\"@id\":\"https:\/\/dev.christiegrey.com\/#organization\",\"name\":\"Christie & Grey\",\"url\":\"https:\/\/dev.christiegrey.com\/\",\"logo\":{\"@type\":\"ImageObject\",\"inLanguage\":\"pt-PT\",\"@id\":\"https:\/\/dev.christiegrey.com\/#\/schema\/logo\/image\/\",\"url\":\"https:\/\/dev.christiegrey.com\/wp-content\/uploads\/2025\/12\/cropped-logo-scaled-1.png\",\"contentUrl\":\"https:\/\/dev.christiegrey.com\/wp-content\/uploads\/2025\/12\/cropped-logo-scaled-1.png\",\"width\":2559,\"height\":920,\"caption\":\"Christie & Grey\"},\"image\":{\"@id\":\"https:\/\/dev.christiegrey.com\/#\/schema\/logo\/image\/\"},\"sameAs\":[\"https:\/\/www.facebook.com\/christieandgreylimited\",\"https:\/\/x.com\/christiegreyltd\"]}]}<\/script>\n<!-- \/ Yoast SEO plugin. -->","yoast_head_json":{"title":"Perguntas Frequentes -","robots":{"index":"noindex","follow":"follow","max-snippet":"max-snippet:-1","max-image-preview":"max-image-preview:large","max-video-preview":"max-video-preview:-1"},"og_locale":"pt_PT","og_type":"article","og_title":"Perguntas Frequentes -","og_description":"Perguntas Frequentes Esta p\u00e1gina re\u00fane perguntas frequentes de todo o site da Christie &amp; Grey em um s\u00f3 lugar. Ele foi projetado para ajudar engenheiros, consultores e equipes de projeto a encontrar rapidamente respostas claras sobre nossos produtos, aplica\u00e7\u00f5es, aprova\u00e7\u00f5es e suporte t\u00e9cnico. Se voc\u00ea n\u00e3o encontrar as informa\u00e7\u00f5es que procura, nossa equipe de engenharia&hellip;","og_url":"https:\/\/dev.christiegrey.com\/pt-pt\/perguntas-frequentes\/","article_publisher":"https:\/\/www.facebook.com\/christieandgreylimited","article_modified_time":"2026-01-26T06:45:17+00:00","twitter_card":"summary_large_image","twitter_site":"@christiegreyltd","schema":{"@context":"https:\/\/schema.org","@graph":[{"@type":"WebPage","@id":"https:\/\/dev.christiegrey.com\/pt-pt\/perguntas-frequentes\/","url":"https:\/\/dev.christiegrey.com\/pt-pt\/perguntas-frequentes\/","name":"Perguntas Frequentes -","isPartOf":{"@id":"https:\/\/dev.christiegrey.com\/#website"},"datePublished":"2026-01-08T07:19:06+00:00","dateModified":"2026-01-26T06:45:17+00:00","breadcrumb":{"@id":"https:\/\/dev.christiegrey.com\/pt-pt\/perguntas-frequentes\/#breadcrumb"},"inLanguage":"pt-PT","potentialAction":[{"@type":"ReadAction","target":["https:\/\/dev.christiegrey.com\/pt-pt\/perguntas-frequentes\/"]}]},{"@type":"BreadcrumbList","@id":"https:\/\/dev.christiegrey.com\/pt-pt\/perguntas-frequentes\/#breadcrumb","itemListElement":[{"@type":"ListItem","position":1,"name":"Casa","item":"https:\/\/dev.christiegrey.com\/pt-pt\/"},{"@type":"ListItem","position":2,"name":"Perguntas Frequentes"}]},{"@type":"WebSite","@id":"https:\/\/dev.christiegrey.com\/#website","url":"https:\/\/dev.christiegrey.com\/","name":"Christie & Grey","description":"","publisher":{"@id":"https:\/\/dev.christiegrey.com\/#organization"},"potentialAction":[{"@type":"SearchAction","target":{"@type":"EntryPoint","urlTemplate":"https:\/\/dev.christiegrey.com\/?s={search_term_string}"},"query-input":{"@type":"PropertyValueSpecification","valueRequired":true,"valueName":"search_term_string"}}],"inLanguage":"pt-PT"},{"@type":"Organization","@id":"https:\/\/dev.christiegrey.com\/#organization","name":"Christie & Grey","url":"https:\/\/dev.christiegrey.com\/","logo":{"@type":"ImageObject","inLanguage":"pt-PT","@id":"https:\/\/dev.christiegrey.com\/#\/schema\/logo\/image\/","url":"https:\/\/dev.christiegrey.com\/wp-content\/uploads\/2025\/12\/cropped-logo-scaled-1.png","contentUrl":"https:\/\/dev.christiegrey.com\/wp-content\/uploads\/2025\/12\/cropped-logo-scaled-1.png","width":2559,"height":920,"caption":"Christie & Grey"},"image":{"@id":"https:\/\/dev.christiegrey.com\/#\/schema\/logo\/image\/"},"sameAs":["https:\/\/www.facebook.com\/christieandgreylimited","https:\/\/x.com\/christiegreyltd"]}]}},"_links":{"self":[{"href":"https:\/\/dev.christiegrey.com\/pt-pt\/wp-json\/wp\/v2\/pages\/3722","targetHints":{"allow":["GET"]}}],"collection":[{"href":"https:\/\/dev.christiegrey.com\/pt-pt\/wp-json\/wp\/v2\/pages"}],"about":[{"href":"https:\/\/dev.christiegrey.com\/pt-pt\/wp-json\/wp\/v2\/types\/page"}],"author":[{"embeddable":true,"href":"https:\/\/dev.christiegrey.com\/pt-pt\/wp-json\/wp\/v2\/users\/1"}],"replies":[{"embeddable":true,"href":"https:\/\/dev.christiegrey.com\/pt-pt\/wp-json\/wp\/v2\/comments?post=3722"}],"version-history":[{"count":3,"href":"https:\/\/dev.christiegrey.com\/pt-pt\/wp-json\/wp\/v2\/pages\/3722\/revisions"}],"predecessor-version":[{"id":3823,"href":"https:\/\/dev.christiegrey.com\/pt-pt\/wp-json\/wp\/v2\/pages\/3722\/revisions\/3823"}],"wp:attachment":[{"href":"https:\/\/dev.christiegrey.com\/pt-pt\/wp-json\/wp\/v2\/media?parent=3722"}],"curies":[{"name":"wp","href":"https:\/\/api.w.org\/{rel}","templated":true}]}}